    {"id":203,"date":"2021-07-05T09:20:52","date_gmt":"2021-07-05T07:20:52","guid":{"rendered":"https:\/\/www.a-kasser.dk\/spoergsmaal\/?page_id=203"},"modified":"2023-08-15T09:24:02","modified_gmt":"2023-08-15T07:24:02","slug":"velkommen","status":"publish","type":"page","link":"https:\/\/www.a-kasser.dk\/spoergsmaal\/velkommen\/","title":{"rendered":"Velkommen til Q&#038;A"},"content":{"rendered":"\n<p>Er du ikke oprettet som bruger endnu, skal du starte med at oprette dig. <\/p>\n\n\n\n<p><a class=\"button\" style=\"color:white\" href=\"\/opret-bruger\/\">OPRET BRUGER<\/a><\/p>\n\n\n\n<p>Registrerede brugere kan gratis stille sp\u00f8rgsm\u00e5l. N\u00e5r du er logget ind er der en formular nederst p\u00e5 forsiden (og p\u00e5 alle kategorisider) hvor du kan skrive dit sp\u00f8rgsm\u00e5l.<\/p>\n\n\n\n<p>For at modtage besked p\u00e5 email n\u00e5r der er et svar eller en kommentarer til dit sp\u00f8rgsm\u00e5l, skal du<\/p>\n\n\n<ul style=\"list-style:square inside;\">\n<li>Markere i checkboksen &#8220;Giv besked om opf\u00f8lgende svar via e-mail&#8221; n\u00e5r du opretter dit sp\u00f8rgsm\u00e5l, <i>eller<\/i><\/li>\n<li>Tilmeld dig beskeder p\u00e5 email efter du har oprettet sp\u00f8rgsm\u00e5let. Det g\u00f8r du ved at klikke p\u00e5 &#8220;Tilmeld&#8221; \u00f8verst p\u00e5 sp\u00f8rgsm\u00e5lssiden.<\/li>\n<\/ul>\n\n\n<p><a href=\"https:\/\/www.a-kasser.dk\/spoergsmaal\/\" data-type=\"page\" data-id=\"2\">G\u00e5 til Q&amp;A-forsiden<\/a><\/p>\n","protected":false},"excerpt":{"rendered":"<p>Er du ikke oprettet som bruger endnu, skal du starte med at oprette dig. OPRET BRUGER Registrerede brugere kan gratis stille sp\u00f8rgsm\u00e5l. N\u00e5r du er logget ind er der en formular nederst p\u00e5 forsiden (og p\u00e5 alle kategorisider) hvor du kan skrive dit sp\u00f8rgsm\u00e5l. For at modtage besked p\u00e5 email n\u00e5r der er et svar [&hellip;]<\/p>\n","protected":false},"author":1,"featured_media":0,"parent":0,"menu_order":0,"comment_status":"closed","ping_status":"closed","template":"","meta":{"_bbp_topic_count":0,"_bbp_reply_count":0,"_bbp_total_topic_count":0,"_bbp_total_reply_count":0,"_bbp_voice_count":0,"_bbp_anonymous_reply_count":0,"_bbp_topic_count_hidden":0,"_bbp_reply_count_hidden":0,"_bbp_forum_subforum_count":0,"footnotes":""},"class_list":["post-203","page","type-page","status-publish","hentry"],"_links":{"self":[{"href":"https:\/\/www.a-kasser.dk\/spoergsmaal\/wp-json\/wp\/v2\/pages\/203","targetHints":{"allow":["GET"]}}],"collection":[{"href":"https:\/\/www.a-kasser.dk\/spoergsmaal\/wp-json\/wp\/v2\/pages"}],"about":[{"href":"https:\/\/www.a-kasser.dk\/spoergsmaal\/wp-json\/wp\/v2\/types\/page"}],"author":[{"embeddable":true,"href":"https:\/\/www.a-kasser.dk\/spoergsmaal\/wp-json\/wp\/v2\/users\/1"}],"replies":[{"embeddable":true,"href":"https:\/\/www.a-kasser.dk\/spoergsmaal\/wp-json\/wp\/v2\/comments?post=203"}],"version-history":[{"count":0,"href":"https:\/\/www.a-kasser.dk\/spoergsmaal\/wp-json\/wp\/v2\/pages\/203\/revisions"}],"wp:attachment":[{"href":"https:\/\/www.a-kasser.dk\/spoergsmaal\/wp-json\/wp\/v2\/media?parent=203"}],"curies":[{"name":"wp","href":"https:\/\/api.w.org\/{rel}","templated":true}]}}